{"id":1517,"date":"2015-03-12T10:38:12","date_gmt":"2015-03-12T05:08:12","guid":{"rendered":"https:\/\/fabindia.ch\/?page_id=1517"},"modified":"2015-03-12T10:38:12","modified_gmt":"2015-03-12T05:08:12","slug":"unser-neues-zuhause-ii","status":"publish","type":"page","link":"https:\/\/fabindia.ch\/?page_id=1517","title":{"rendered":"Unser neues Zuhause II"},"content":{"rendered":"<p>Seit Oktober 2014 wohnen wir nun an dieser Adresse:<\/p>\n<p>14B, Vicenza Highlands<br \/>\nOpp. Iscon Harmony<br \/>\nGotri-Sevasi Road<br \/>\n390021 Vadodara<br \/>\nGujarat, India<\/p>\n<p>Unser neues Haus hat einen wundervollen Garten, \u00fcber das Interieur l\u00e4sst sich streiten. Sicher, wir haben \u00fcberm\u00e4ssig viel Platz, doch der Unterhalt gestaltet sich eher schwierig und aufw\u00e4ndig. Die Bauqualit\u00e4t ist miserabel und die Detailarbeit ein Albtraum. Doch f\u00fcr die restlichen 13 Monate wird das wohl passen.<br \/>\nEin riesiger Vorteil ist die super tolle Nachbarschaft, wir haben uns sehr gut hier eingelebt und tolle neue Freunde gefunden&#8230;<\/p>\n<p><a href=\"https:\/\/i0.wp.com\/fabindia.ch\/wp-content\/uploads\/2015\/03\/DSC05466.jpg?ssl=1\"><img loading=\"lazy\" class=\"alignnone size-medium wp-image-1540\" src=\"https:\/\/i0.wp.com\/fabindia.ch\/wp-content\/uploads\/2015\/03\/DSC05466.jpg?resize=300%2C225&#038;ssl=1\" alt=\"DSC05466\" width=\"300\" height=\"225\" srcset=\"https:\/\/i0.wp.com\/fabindia.ch\/wp-content\/uploads\/2015\/03\/DSC05466.jpg?resize=300%2C225&amp;ssl=1 300w, https:\/\/i0.wp.com\/fabindia.ch\/wp-content\/uploads\/2015\/03\/DSC05466.jpg?w=1000&amp;ssl=1 1000w, https:\/\/i0.wp.com\/fabindia.ch\/wp-content\/uploads\/2015\/03\/DSC05466.jpg?w=880&amp;ssl=1 880w\" sizes=\"(max-width: 300px) 100vw, 300px\" data-recalc-dims=\"1\" \/><\/a> <a href=\"https:\/\/i0.wp.com\/fabindia.ch\/wp-content\/uploads\/2015\/03\/DSC05468.jpg?ssl=1\"><img loading=\"lazy\" class=\"alignnone size-medium wp-image-1539\" src=\"https:\/\/i0.wp.com\/fabindia.ch\/wp-content\/uploads\/2015\/03\/DSC05468.jpg?resize=300%2C225&#038;ssl=1\" alt=\"DSC05468\" width=\"300\" height=\"225\" srcset=\"https:\/\/i0.wp.com\/fabindia.ch\/wp-content\/uploads\/2015\/03\/DSC05468.jpg?resize=300%2C225&amp;ssl=1 300w, https:\/\/i0.wp.com\/fabindia.ch\/wp-content\/uploads\/2015\/03\/DSC05468.jpg?w=1000&amp;ssl=1 1000w, https:\/\/i0.wp.com\/fabindia.ch\/wp-content\/uploads\/2015\/03\/DSC05468.jpg?w=880&amp;ssl=1 880w\" sizes=\"(max-width: 300px) 100vw, 300px\" data-recalc-dims=\"1\" \/><\/a><\/p>\n<p>Eingangsbereich &amp; Gang mit T\u00fcre zur Terrasse:<br \/>\n<a href=\"https:\/\/i0.wp.com\/fabindia.ch\/wp-content\/uploads\/2015\/03\/DSC05471.jpg?ssl=1\"><img loading=\"lazy\" class=\"alignnone size-medium wp-image-1538\" src=\"https:\/\/i0.wp.com\/fabindia.ch\/wp-content\/uploads\/2015\/03\/DSC05471.jpg?resize=225%2C300&#038;ssl=1\" alt=\"DSC05471\" width=\"225\" height=\"300\" srcset=\"https:\/\/i0.wp.com\/fabindia.ch\/wp-content\/uploads\/2015\/03\/DSC05471.jpg?resize=225%2C300&amp;ssl=1 225w, https:\/\/i0.wp.com\/fabindia.ch\/wp-content\/uploads\/2015\/03\/DSC05471.jpg?w=750&amp;ssl=1 750w\" sizes=\"(max-width: 225px) 100vw, 225px\" data-recalc-dims=\"1\" \/><\/a>\u00a0<a href=\"https:\/\/i0.wp.com\/fabindia.ch\/wp-content\/uploads\/2015\/03\/DSC05508.jpg?ssl=1\"><img loading=\"lazy\" class=\"alignnone size-medium wp-image-1524\" src=\"https:\/\/i0.wp.com\/fabindia.ch\/wp-content\/uploads\/2015\/03\/DSC05508.jpg?resize=300%2C225&#038;ssl=1\" alt=\"DSC05508\" width=\"300\" height=\"225\" srcset=\"https:\/\/i0.wp.com\/fabindia.ch\/wp-content\/uploads\/2015\/03\/DSC05508.jpg?resize=300%2C225&amp;ssl=1 300w, https:\/\/i0.wp.com\/fabindia.ch\/wp-content\/uploads\/2015\/03\/DSC05508.jpg?w=1000&amp;ssl=1 1000w, https:\/\/i0.wp.com\/fabindia.ch\/wp-content\/uploads\/2015\/03\/DSC05508.jpg?w=880&amp;ssl=1 880w\" sizes=\"(max-width: 300px) 100vw, 300px\" data-recalc-dims=\"1\" \/><\/a><\/p>\n<p>B\u00fcro mit Badezimmer:<br \/>\n<a href=\"https:\/\/i0.wp.com\/fabindia.ch\/wp-content\/uploads\/2015\/03\/DSC05459.jpg?ssl=1\"><img loading=\"lazy\" class=\"alignnone size-medium wp-image-1544\" src=\"https:\/\/i0.wp.com\/fabindia.ch\/wp-content\/uploads\/2015\/03\/DSC05459.jpg?resize=300%2C225&#038;ssl=1\" alt=\"DSC05459\" width=\"300\" height=\"225\" srcset=\"https:\/\/i0.wp.com\/fabindia.ch\/wp-content\/uploads\/2015\/03\/DSC05459.jpg?resize=300%2C225&amp;ssl=1 300w, https:\/\/i0.wp.com\/fabindia.ch\/wp-content\/uploads\/2015\/03\/DSC05459.jpg?w=1000&amp;ssl=1 1000w, https:\/\/i0.wp.com\/fabindia.ch\/wp-content\/uploads\/2015\/03\/DSC05459.jpg?w=880&amp;ssl=1 880w\" sizes=\"(max-width: 300px) 100vw, 300px\" data-recalc-dims=\"1\" \/><\/a>\u00a0<a href=\"https:\/\/i0.wp.com\/fabindia.ch\/wp-content\/uploads\/2015\/03\/DSC04358.jpg?ssl=1\"><img loading=\"lazy\" class=\"alignnone size-medium wp-image-1546\" src=\"https:\/\/i0.wp.com\/fabindia.ch\/wp-content\/uploads\/2015\/03\/DSC04358.jpg?resize=225%2C300&#038;ssl=1\" alt=\"DSC04358\" width=\"225\" height=\"300\" srcset=\"https:\/\/i0.wp.com\/fabindia.ch\/wp-content\/uploads\/2015\/03\/DSC04358.jpg?resize=225%2C300&amp;ssl=1 225w, https:\/\/i0.wp.com\/fabindia.ch\/wp-content\/uploads\/2015\/03\/DSC04358.jpg?w=750&amp;ssl=1 750w\" sizes=\"(max-width: 225px) 100vw, 225px\" data-recalc-dims=\"1\" \/><\/a><\/p>\n<p>K\u00fcche &amp; Wohnzimmer:<br \/>\n<a href=\"https:\/\/i0.wp.com\/fabindia.ch\/wp-content\/uploads\/2015\/03\/DSC05510.jpg?ssl=1\"><img loading=\"lazy\" class=\"alignnone size-medium wp-image-1523\" src=\"https:\/\/i0.wp.com\/fabindia.ch\/wp-content\/uploads\/2015\/03\/DSC05510.jpg?resize=300%2C225&#038;ssl=1\" alt=\"DSC05510\" width=\"300\" height=\"225\" srcset=\"https:\/\/i0.wp.com\/fabindia.ch\/wp-content\/uploads\/2015\/03\/DSC05510.jpg?resize=300%2C225&amp;ssl=1 300w, https:\/\/i0.wp.com\/fabindia.ch\/wp-content\/uploads\/2015\/03\/DSC05510.jpg?w=1000&amp;ssl=1 1000w, https:\/\/i0.wp.com\/fabindia.ch\/wp-content\/uploads\/2015\/03\/DSC05510.jpg?w=880&amp;ssl=1 880w\" sizes=\"(max-width: 300px) 100vw, 300px\" data-recalc-dims=\"1\" \/><\/a>\u00a0<a href=\"https:\/\/i0.wp.com\/fabindia.ch\/wp-content\/uploads\/2015\/03\/DSC05463.jpg?ssl=1\"><img loading=\"lazy\" class=\"alignnone size-medium wp-image-1545\" src=\"https:\/\/i0.wp.com\/fabindia.ch\/wp-content\/uploads\/2015\/03\/DSC05463.jpg?resize=300%2C225&#038;ssl=1\" alt=\"DSC05463\" width=\"300\" height=\"225\" srcset=\"https:\/\/i0.wp.com\/fabindia.ch\/wp-content\/uploads\/2015\/03\/DSC05463.jpg?resize=300%2C225&amp;ssl=1 300w, https:\/\/i0.wp.com\/fabindia.ch\/wp-content\/uploads\/2015\/03\/DSC05463.jpg?w=1000&amp;ssl=1 1000w, https:\/\/i0.wp.com\/fabindia.ch\/wp-content\/uploads\/2015\/03\/DSC05463.jpg?w=880&amp;ssl=1 880w\" sizes=\"(max-width: 300px) 100vw, 300px\" data-recalc-dims=\"1\" \/><\/a><a href=\"https:\/\/fabindia.ch\/wp-content\/uploads\/2015\/03\/DSC05510.jpg\"><br \/>\n<\/a>Treppe zum 1. Stock mit Wohnzimmer im 1. Stock:<br \/>\n<a href=\"https:\/\/i0.wp.com\/fabindia.ch\/wp-content\/uploads\/2015\/03\/DSC05472.jpg?ssl=1\"><img loading=\"lazy\" class=\"alignnone size-medium wp-image-1537\" src=\"https:\/\/i0.wp.com\/fabindia.ch\/wp-content\/uploads\/2015\/03\/DSC05472.jpg?resize=300%2C225&#038;ssl=1\" alt=\"DSC05472\" width=\"300\" height=\"225\" srcset=\"https:\/\/i0.wp.com\/fabindia.ch\/wp-content\/uploads\/2015\/03\/DSC05472.jpg?resize=300%2C225&amp;ssl=1 300w, https:\/\/i0.wp.com\/fabindia.ch\/wp-content\/uploads\/2015\/03\/DSC05472.jpg?w=1000&amp;ssl=1 1000w, https:\/\/i0.wp.com\/fabindia.ch\/wp-content\/uploads\/2015\/03\/DSC05472.jpg?w=880&amp;ssl=1 880w\" sizes=\"(max-width: 300px) 100vw, 300px\" data-recalc-dims=\"1\" \/><\/a> <a href=\"https:\/\/i0.wp.com\/fabindia.ch\/wp-content\/uploads\/2015\/03\/DSC05475.jpg?ssl=1\"><img loading=\"lazy\" class=\"alignnone size-medium wp-image-1536\" src=\"https:\/\/i0.wp.com\/fabindia.ch\/wp-content\/uploads\/2015\/03\/DSC05475.jpg?resize=300%2C225&#038;ssl=1\" alt=\"DSC05475\" width=\"300\" height=\"225\" srcset=\"https:\/\/i0.wp.com\/fabindia.ch\/wp-content\/uploads\/2015\/03\/DSC05475.jpg?resize=300%2C225&amp;ssl=1 300w, https:\/\/i0.wp.com\/fabindia.ch\/wp-content\/uploads\/2015\/03\/DSC05475.jpg?w=1000&amp;ssl=1 1000w, https:\/\/i0.wp.com\/fabindia.ch\/wp-content\/uploads\/2015\/03\/DSC05475.jpg?w=880&amp;ssl=1 880w\" sizes=\"(max-width: 300px) 100vw, 300px\" data-recalc-dims=\"1\" \/><\/a><\/p>\n<p>G\u00e4stezimmer Nr 1:<br \/>\n<a href=\"https:\/\/i0.wp.com\/fabindia.ch\/wp-content\/uploads\/2015\/03\/DSC05476.jpg?ssl=1\"><img loading=\"lazy\" class=\"alignnone size-medium wp-image-1535\" src=\"https:\/\/i0.wp.com\/fabindia.ch\/wp-content\/uploads\/2015\/03\/DSC05476.jpg?resize=300%2C225&#038;ssl=1\" alt=\"DSC05476\" width=\"300\" height=\"225\" srcset=\"https:\/\/i0.wp.com\/fabindia.ch\/wp-content\/uploads\/2015\/03\/DSC05476.jpg?resize=300%2C225&amp;ssl=1 300w, https:\/\/i0.wp.com\/fabindia.ch\/wp-content\/uploads\/2015\/03\/DSC05476.jpg?w=1000&amp;ssl=1 1000w, https:\/\/i0.wp.com\/fabindia.ch\/wp-content\/uploads\/2015\/03\/DSC05476.jpg?w=880&amp;ssl=1 880w\" sizes=\"(max-width: 300px) 100vw, 300px\" data-recalc-dims=\"1\" \/><\/a> <a href=\"https:\/\/i0.wp.com\/fabindia.ch\/wp-content\/uploads\/2015\/03\/DSC05518.jpg?ssl=1\"><img loading=\"lazy\" class=\"alignnone size-medium wp-image-1521\" src=\"https:\/\/i0.wp.com\/fabindia.ch\/wp-content\/uploads\/2015\/03\/DSC05518.jpg?resize=225%2C300&#038;ssl=1\" alt=\"DSC05518\" width=\"225\" height=\"300\" srcset=\"https:\/\/i0.wp.com\/fabindia.ch\/wp-content\/uploads\/2015\/03\/DSC05518.jpg?resize=225%2C300&amp;ssl=1 225w, https:\/\/i0.wp.com\/fabindia.ch\/wp-content\/uploads\/2015\/03\/DSC05518.jpg?w=750&amp;ssl=1 750w\" sizes=\"(max-width: 225px) 100vw, 225px\" data-recalc-dims=\"1\" \/><\/a><\/p>\n<p>G\u00e4stezimmer Nr 2:<br \/>\n<a href=\"https:\/\/i0.wp.com\/fabindia.ch\/wp-content\/uploads\/2015\/03\/DSC05478.jpg?ssl=1\"><img loading=\"lazy\" class=\"alignnone size-medium wp-image-1534\" src=\"https:\/\/i0.wp.com\/fabindia.ch\/wp-content\/uploads\/2015\/03\/DSC05478.jpg?resize=300%2C225&#038;ssl=1\" alt=\"DSC05478\" width=\"300\" height=\"225\" srcset=\"https:\/\/i0.wp.com\/fabindia.ch\/wp-content\/uploads\/2015\/03\/DSC05478.jpg?resize=300%2C225&amp;ssl=1 300w, https:\/\/i0.wp.com\/fabindia.ch\/wp-content\/uploads\/2015\/03\/DSC05478.jpg?w=1000&amp;ssl=1 1000w, https:\/\/i0.wp.com\/fabindia.ch\/wp-content\/uploads\/2015\/03\/DSC05478.jpg?w=880&amp;ssl=1 880w\" sizes=\"(max-width: 300px) 100vw, 300px\" data-recalc-dims=\"1\" \/><\/a> <a href=\"https:\/\/i0.wp.com\/fabindia.ch\/wp-content\/uploads\/2015\/03\/DSC05514.jpg?ssl=1\"><img loading=\"lazy\" class=\"alignnone size-medium wp-image-1522\" src=\"https:\/\/i0.wp.com\/fabindia.ch\/wp-content\/uploads\/2015\/03\/DSC05514.jpg?resize=225%2C300&#038;ssl=1\" alt=\"DSC05514\" width=\"225\" height=\"300\" srcset=\"https:\/\/i0.wp.com\/fabindia.ch\/wp-content\/uploads\/2015\/03\/DSC05514.jpg?resize=225%2C300&amp;ssl=1 225w, https:\/\/i0.wp.com\/fabindia.ch\/wp-content\/uploads\/2015\/03\/DSC05514.jpg?w=750&amp;ssl=1 750w\" sizes=\"(max-width: 225px) 100vw, 225px\" data-recalc-dims=\"1\" \/><\/a><\/p>\n<p>Masterbedroom mit Badezimmer:<br \/>\n<a href=\"https:\/\/i0.wp.com\/fabindia.ch\/wp-content\/uploads\/2015\/03\/DSC05519.jpg?ssl=1\"><img loading=\"lazy\" class=\"alignnone size-medium wp-image-1520\" src=\"https:\/\/i0.wp.com\/fabindia.ch\/wp-content\/uploads\/2015\/03\/DSC05519.jpg?resize=300%2C225&#038;ssl=1\" alt=\"DSC05519\" width=\"300\" height=\"225\" srcset=\"https:\/\/i0.wp.com\/fabindia.ch\/wp-content\/uploads\/2015\/03\/DSC05519.jpg?resize=300%2C225&amp;ssl=1 300w, https:\/\/i0.wp.com\/fabindia.ch\/wp-content\/uploads\/2015\/03\/DSC05519.jpg?w=1000&amp;ssl=1 1000w, https:\/\/i0.wp.com\/fabindia.ch\/wp-content\/uploads\/2015\/03\/DSC05519.jpg?w=880&amp;ssl=1 880w\" sizes=\"(max-width: 300px) 100vw, 300px\" data-recalc-dims=\"1\" \/><\/a> <a href=\"https:\/\/i0.wp.com\/fabindia.ch\/wp-content\/uploads\/2015\/03\/DSC05522.jpg?ssl=1\"><img loading=\"lazy\" class=\"alignnone size-medium wp-image-1519\" src=\"https:\/\/i0.wp.com\/fabindia.ch\/wp-content\/uploads\/2015\/03\/DSC05522.jpg?resize=300%2C225&#038;ssl=1\" alt=\"DSC05522\" width=\"300\" height=\"225\" srcset=\"https:\/\/i0.wp.com\/fabindia.ch\/wp-content\/uploads\/2015\/03\/DSC05522.jpg?resize=300%2C225&amp;ssl=1 300w, https:\/\/i0.wp.com\/fabindia.ch\/wp-content\/uploads\/2015\/03\/DSC05522.jpg?w=1000&amp;ssl=1 1000w, https:\/\/i0.wp.com\/fabindia.ch\/wp-content\/uploads\/2015\/03\/DSC05522.jpg?w=880&amp;ssl=1 880w\" sizes=\"(max-width: 300px) 100vw, 300px\" data-recalc-dims=\"1\" \/><\/a><\/p>\n<p>Treppe zum 2. Stock mit Galerie:<br \/>\n<a href=\"https:\/\/i0.wp.com\/fabindia.ch\/wp-content\/uploads\/2015\/03\/DSC05490.jpg?ssl=1\"><img loading=\"lazy\" class=\"alignnone size-medium wp-image-1532\" src=\"https:\/\/i0.wp.com\/fabindia.ch\/wp-content\/uploads\/2015\/03\/DSC05490.jpg?resize=300%2C225&#038;ssl=1\" alt=\"DSC05490\" width=\"300\" height=\"225\" srcset=\"https:\/\/i0.wp.com\/fabindia.ch\/wp-content\/uploads\/2015\/03\/DSC05490.jpg?resize=300%2C225&amp;ssl=1 300w, https:\/\/i0.wp.com\/fabindia.ch\/wp-content\/uploads\/2015\/03\/DSC05490.jpg?w=1000&amp;ssl=1 1000w, https:\/\/i0.wp.com\/fabindia.ch\/wp-content\/uploads\/2015\/03\/DSC05490.jpg?w=880&amp;ssl=1 880w\" sizes=\"(max-width: 300px) 100vw, 300px\" data-recalc-dims=\"1\" \/><\/a> <a href=\"https:\/\/i0.wp.com\/fabindia.ch\/wp-content\/uploads\/2015\/03\/DSC05491.jpg?ssl=1\"><img loading=\"lazy\" class=\"alignnone size-medium wp-image-1531\" src=\"https:\/\/i0.wp.com\/fabindia.ch\/wp-content\/uploads\/2015\/03\/DSC05491.jpg?resize=300%2C225&#038;ssl=1\" alt=\"DSC05491\" width=\"300\" height=\"225\" srcset=\"https:\/\/i0.wp.com\/fabindia.ch\/wp-content\/uploads\/2015\/03\/DSC05491.jpg?resize=300%2C225&amp;ssl=1 300w, https:\/\/i0.wp.com\/fabindia.ch\/wp-content\/uploads\/2015\/03\/DSC05491.jpg?w=1000&amp;ssl=1 1000w, https:\/\/i0.wp.com\/fabindia.ch\/wp-content\/uploads\/2015\/03\/DSC05491.jpg?w=880&amp;ssl=1 880w\" sizes=\"(max-width: 300px) 100vw, 300px\" data-recalc-dims=\"1\" \/><\/a><\/p>\n<p>Zimmer im Obergeschoss mit Freiluftdusche und Badezimmer:<br \/>\n<a href=\"https:\/\/i0.wp.com\/fabindia.ch\/wp-content\/uploads\/2015\/03\/DSC05492.jpg?ssl=1\"><img loading=\"lazy\" class=\"alignnone size-medium wp-image-1530\" src=\"https:\/\/i0.wp.com\/fabindia.ch\/wp-content\/uploads\/2015\/03\/DSC05492.jpg?resize=300%2C225&#038;ssl=1\" alt=\"DSC05492\" width=\"300\" height=\"225\" srcset=\"https:\/\/i0.wp.com\/fabindia.ch\/wp-content\/uploads\/2015\/03\/DSC05492.jpg?resize=300%2C225&amp;ssl=1 300w, https:\/\/i0.wp.com\/fabindia.ch\/wp-content\/uploads\/2015\/03\/DSC05492.jpg?w=1000&amp;ssl=1 1000w, https:\/\/i0.wp.com\/fabindia.ch\/wp-content\/uploads\/2015\/03\/DSC05492.jpg?w=880&amp;ssl=1 880w\" sizes=\"(max-width: 300px) 100vw, 300px\" data-recalc-dims=\"1\" \/><\/a> <a href=\"https:\/\/i0.wp.com\/fabindia.ch\/wp-content\/uploads\/2015\/03\/DSC05496.jpg?ssl=1\"><img loading=\"lazy\" class=\"alignnone size-medium wp-image-1529\" src=\"https:\/\/i0.wp.com\/fabindia.ch\/wp-content\/uploads\/2015\/03\/DSC05496.jpg?resize=225%2C300&#038;ssl=1\" alt=\"DSC05496\" width=\"225\" height=\"300\" srcset=\"https:\/\/i0.wp.com\/fabindia.ch\/wp-content\/uploads\/2015\/03\/DSC05496.jpg?resize=225%2C300&amp;ssl=1 225w, https:\/\/i0.wp.com\/fabindia.ch\/wp-content\/uploads\/2015\/03\/DSC05496.jpg?w=750&amp;ssl=1 750w\" sizes=\"(max-width: 225px) 100vw, 225px\" data-recalc-dims=\"1\" \/><\/a><a href=\"https:\/\/i0.wp.com\/fabindia.ch\/wp-content\/uploads\/2015\/03\/DSC05499.jpg?ssl=1\"><img loading=\"lazy\" class=\"alignnone size-medium wp-image-1528\" src=\"https:\/\/i0.wp.com\/fabindia.ch\/wp-content\/uploads\/2015\/03\/DSC05499.jpg?resize=300%2C225&#038;ssl=1\" alt=\"DSC05499\" width=\"300\" height=\"225\" srcset=\"https:\/\/i0.wp.com\/fabindia.ch\/wp-content\/uploads\/2015\/03\/DSC05499.jpg?resize=300%2C225&amp;ssl=1 300w, https:\/\/i0.wp.com\/fabindia.ch\/wp-content\/uploads\/2015\/03\/DSC05499.jpg?w=1000&amp;ssl=1 1000w, https:\/\/i0.wp.com\/fabindia.ch\/wp-content\/uploads\/2015\/03\/DSC05499.jpg?w=880&amp;ssl=1 880w\" sizes=\"(max-width: 300px) 100vw, 300px\" data-recalc-dims=\"1\" \/><\/a><\/p>\n<p>Terrasse vom Zimmer im OG:<br \/>\n<a href=\"https:\/\/i0.wp.com\/fabindia.ch\/wp-content\/uploads\/2015\/03\/DSC05500.jpg?ssl=1\"><img loading=\"lazy\" class=\"alignnone size-medium wp-image-1527\" src=\"https:\/\/i0.wp.com\/fabindia.ch\/wp-content\/uploads\/2015\/03\/DSC05500.jpg?resize=300%2C225&#038;ssl=1\" alt=\"DSC05500\" width=\"300\" height=\"225\" srcset=\"https:\/\/i0.wp.com\/fabindia.ch\/wp-content\/uploads\/2015\/03\/DSC05500.jpg?resize=300%2C225&amp;ssl=1 300w, https:\/\/i0.wp.com\/fabindia.ch\/wp-content\/uploads\/2015\/03\/DSC05500.jpg?w=1000&amp;ssl=1 1000w, https:\/\/i0.wp.com\/fabindia.ch\/wp-content\/uploads\/2015\/03\/DSC05500.jpg?w=880&amp;ssl=1 880w\" sizes=\"(max-width: 300px) 100vw, 300px\" data-recalc-dims=\"1\" \/><\/a> <a href=\"https:\/\/i0.wp.com\/fabindia.ch\/wp-content\/uploads\/2015\/03\/DSC05503.jpg?ssl=1\"><img loading=\"lazy\" class=\"alignnone size-medium wp-image-1526\" src=\"https:\/\/i0.wp.com\/fabindia.ch\/wp-content\/uploads\/2015\/03\/DSC05503.jpg?resize=300%2C225&#038;ssl=1\" alt=\"DSC05503\" width=\"300\" height=\"225\" srcset=\"https:\/\/i0.wp.com\/fabindia.ch\/wp-content\/uploads\/2015\/03\/DSC05503.jpg?resize=300%2C225&amp;ssl=1 300w, https:\/\/i0.wp.com\/fabindia.ch\/wp-content\/uploads\/2015\/03\/DSC05503.jpg?w=1000&amp;ssl=1 1000w, https:\/\/i0.wp.com\/fabindia.ch\/wp-content\/uploads\/2015\/03\/DSC05503.jpg?w=880&amp;ssl=1 880w\" sizes=\"(max-width: 300px) 100vw, 300px\" data-recalc-dims=\"1\" \/><\/a><\/p>\n<p>Papayabaum im Garten:<br \/>\n<a href=\"https:\/\/i0.wp.com\/fabindia.ch\/wp-content\/uploads\/2015\/03\/DSC05504.jpg?ssl=1\"><img loading=\"lazy\" class=\"alignnone size-medium wp-image-1525\" src=\"https:\/\/i0.wp.com\/fabindia.ch\/wp-content\/uploads\/2015\/03\/DSC05504.jpg?resize=225%2C300&#038;ssl=1\" alt=\"DSC05504\" width=\"225\" height=\"300\" srcset=\"https:\/\/i0.wp.com\/fabindia.ch\/wp-content\/uploads\/2015\/03\/DSC05504.jpg?resize=225%2C300&amp;ssl=1 225w, https:\/\/i0.wp.com\/fabindia.ch\/wp-content\/uploads\/2015\/03\/DSC05504.jpg?w=750&amp;ssl=1 750w\" sizes=\"(max-width: 225px) 100vw, 225px\" data-recalc-dims=\"1\" \/><\/a><\/p>\n<p>&nbsp;<\/p>\n<p>Unser Schaukelstuhl nat\u00fcrlich auch wieder neu installiert durch Patrik:<br \/>\n<a href=\"https:\/\/i0.wp.com\/fabindia.ch\/wp-content\/uploads\/2015\/03\/DSC05452.jpg?ssl=1\"><img loading=\"lazy\" class=\"alignnone size-medium wp-image-1542\" src=\"https:\/\/i0.wp.com\/fabindia.ch\/wp-content\/uploads\/2015\/03\/DSC05452.jpg?resize=225%2C300&#038;ssl=1\" alt=\"DSC05452\" width=\"225\" height=\"300\" srcset=\"https:\/\/i0.wp.com\/fabindia.ch\/wp-content\/uploads\/2015\/03\/DSC05452.jpg?resize=225%2C300&amp;ssl=1 225w, https:\/\/i0.wp.com\/fabindia.ch\/wp-content\/uploads\/2015\/03\/DSC05452.jpg?w=750&amp;ssl=1 750w\" sizes=\"(max-width: 225px) 100vw, 225px\" data-recalc-dims=\"1\" \/><\/a>\u00a0<a href=\"https:\/\/i0.wp.com\/fabindia.ch\/wp-content\/uploads\/2015\/03\/DSC05455.jpg?ssl=1\"><img loading=\"lazy\" class=\"alignnone size-medium wp-image-1541\" src=\"https:\/\/i0.wp.com\/fabindia.ch\/wp-content\/uploads\/2015\/03\/DSC05455.jpg?resize=300%2C225&#038;ssl=1\" alt=\"DSC05455\" width=\"300\" height=\"225\" srcset=\"https:\/\/i0.wp.com\/fabindia.ch\/wp-content\/uploads\/2015\/03\/DSC05455.jpg?resize=300%2C225&amp;ssl=1 300w, https:\/\/i0.wp.com\/fabindia.ch\/wp-content\/uploads\/2015\/03\/DSC05455.jpg?w=1000&amp;ssl=1 1000w, https:\/\/i0.wp.com\/fabindia.ch\/wp-content\/uploads\/2015\/03\/DSC05455.jpg?w=880&amp;ssl=1 880w\" sizes=\"(max-width: 300px) 100vw, 300px\" data-recalc-dims=\"1\" \/><\/a><\/p>\n<p>&nbsp;<\/p>\n","protected":false},"excerpt":{"rendered":"<p>Seit Oktober 2014 wohnen wir nun an dieser Adresse: 14B, Vicenza Highlands Opp. Iscon Harmony Gotri-Sevasi Road 390021 Vadodara Gujarat, India Unser neues Haus hat einen wundervollen Garten, \u00fcber das Interieur l\u00e4sst sich streiten. Sicher, wir haben \u00fcberm\u00e4ssig viel Platz, &hellip; <a href=\"https:\/\/fabindia.ch\/?page_id=1517\">Continue reading <span class=\"meta-nav\">&rarr;<\/span><\/a><\/p>\n","protected":false},"author":2,"featured_media":0,"parent":0,"menu_order":2,"comment_status":"open","ping_status":"open","template":"","meta":{"spay_email":""},"jetpack-related-posts":[{"id":22,"url":"https:\/\/fabindia.ch\/?page_id=22","url_meta":{"origin":1517,"position":0},"title":"Unser neues Zuhause","date":"25.12.2013","format":false,"excerpt":"Seit Dezember 2013 wohnen wir nun in Indien. Unsere neue Adresse lautet: Bungalow No. 26 Nilamber IV Vasna-Bhayli Road Vadodara, 390015 INDIA Telefon St\u00e9phie: +91 97 255 00 705 Hier zeigen wir euch ein paar Bilder von unserem Haus. Voraussichtlich werden wir 2 Jahre in diesem tollen H\u00e4usle wohnen. Eingangsbereich:\u2026","rel":"","context":"With 3 comments","img":{"alt_text":"","src":"https:\/\/i0.wp.com\/fabindia.ch\/wp-content\/uploads\/2013\/12\/Lounge-300x225.jpg?resize=350%2C200&ssl=1","width":350,"height":200},"classes":[]}],"_links":{"self":[{"href":"https:\/\/fabindia.ch\/index.php?rest_route=\/wp\/v2\/pages\/1517"}],"collection":[{"href":"https:\/\/fabindia.ch\/index.php?rest_route=\/wp\/v2\/pages"}],"about":[{"href":"https:\/\/fabindia.ch\/index.php?rest_route=\/wp\/v2\/types\/page"}],"author":[{"embeddable":true,"href":"https:\/\/fabindia.ch\/index.php?rest_route=\/wp\/v2\/users\/2"}],"replies":[{"embeddable":true,"href":"https:\/\/fabindia.ch\/index.php?rest_route=%2Fwp%2Fv2%2Fcomments&post=1517"}],"version-history":[{"count":4,"href":"https:\/\/fabindia.ch\/index.php?rest_route=\/wp\/v2\/pages\/1517\/revisions"}],"predecessor-version":[{"id":1548,"href":"https:\/\/fabindia.ch\/index.php?rest_route=\/wp\/v2\/pages\/1517\/revisions\/1548"}],"wp:attachment":[{"href":"https:\/\/fabindia.ch\/index.php?rest_route=%2Fwp%2Fv2%2Fmedia&parent=1517"}],"curies":[{"name":"wp","href":"https:\/\/api.w.org\/{rel}","templated":true}]}}